{"id":2333,"date":"2024-06-08T00:15:22","date_gmt":"2024-06-08T00:15:22","guid":{"rendered":"https:\/\/tramaarquitetos.com\/?page_id=2333"},"modified":"2025-02-21T14:43:07","modified_gmt":"2025-02-21T14:43:07","slug":"pagina-inicial","status":"publish","type":"page","link":"https:\/\/tramaarquitetos.com\/en\/","title":{"rendered":"P\u00e1gina Inicial"},"content":{"rendered":"<div data-elementor-type=\"wp-page\" data-elementor-id=\"2333\" class=\"elementor elementor-2333\">\n\t\t\t\t<div class=\"elementor-element elementor-element-0fb405e e-con-full e-flex wpr-particle-no wpr-jarallax-no wpr-parallax-no wpr-sticky-section-no e-con e-parent\" data-id=\"0fb405e\" data-element_type=\"container\">\n\t\t\t\t<div class=\"elementor-element elementor-element-0029763 elementor-widget elementor-widget-slider_revolution\" data-id=\"0029763\" data-element_type=\"widget\" data-widget_type=\"slider_revolution.default\">\n\t\t\t\t<div class=\"elementor-widget-container\">\n\t\t\t\t\t\n\t\t<div class=\"wp-block-themepunch-revslider\">\n\t\t\t<!-- START P\u00e1gina Inicial REVOLUTION SLIDER 6.7.6 --><p class=\"rs-p-wp-fix\"><\/p>\n\t\t\t<rs-module-wrap id=\"homepage-slider_wrapper\" data-source=\"gallery\" style=\"visibility:hidden;background:transparent;padding:0;\">\n\t\t\t\t<rs-module id=\"homepage-slider\" style=\"\" data-version=\"6.7.6\">\n\t\t\t\t\t<rs-slides style=\"overflow: hidden; position: absolute;\">\n\t\t\t\t\t\t<rs-slide style=\"position: absolute;\" data-key=\"rs-17\" data-title=\"Slide\" data-in=\"o:0;\" data-out=\"a:false;\" data-sloop=\"s:4500;e:6500;\">\n\t\t\t\t\t\t\t<img decoding=\"async\" src=\"\/\/tramaarquitetos.com\/wp-content\/plugins\/revslider\/sr6\/assets\/assets\/dummy.png\" alt=\"Slide\" title=\"P\u00e1gina Inicial\" class=\"rev-slidebg tp-rs-img rs-lazyload\" data-lazyload=\"\/\/tramaarquitetos.com\/wp-content\/plugins\/revslider\/sr6\/assets\/assets\/transparent.png\" data-no-retina>\n<!--\n\t\t\t\t\t\t\t--><rs-layer\n\t\t\t\t\t\t\t\tid=\"slider-2-slide-17-layer-0\" \n\t\t\t\t\t\t\t\tdata-type=\"text\"\n\t\t\t\t\t\t\t\tdata-color=\"#fff\"\n\t\t\t\t\t\t\t\tdata-rsp_ch=\"on\"\n\t\t\t\t\t\t\t\tdata-xy=\"xo:3px,3px,-3px,64px;y:m;yo:-120px,-120px,-75px,-45px;\"\n\t\t\t\t\t\t\t\tdata-text=\"w:normal;s:30,30,18,15;l:30,30,18,15;ls:2,2,0,0;\"\n\t\t\t\t\t\t\t\tdata-dim=\"w:784px,784px,491px,302px;minh:0px,0px,none,none;\"\n\t\t\t\t\t\t\t\tdata-wrpcls=\"project-name\"\n\t\t\t\t\t\t\t\tdata-frame_0=\"y:50,50,31,19;\"\n\t\t\t\t\t\t\t\tdata-frame_1=\"sp:1000;\"\n\t\t\t\t\t\t\t\tdata-frame_999=\"o:0;st:w;sR:5000;\"\n\t\t\t\t\t\t\t\tstyle=\"z-index:6;font-family:'Raleway';\"\n\t\t\t\t\t\t\t>Subdivision \n\t\t\t\t\t\t\t<\/rs-layer><!--\n\n\t\t\t\t\t\t\t--><rs-layer\n\t\t\t\t\t\t\t\tid=\"slider-2-slide-17-layer-10\" \n\t\t\t\t\t\t\t\tdata-type=\"text\"\n\t\t\t\t\t\t\t\tdata-color=\"#fff\"\n\t\t\t\t\t\t\t\tdata-rsp_ch=\"on\"\n\t\t\t\t\t\t\t\tdata-xy=\"xo:0,0,0,60px;y:m;yo:0,0,0,10px;\"\n\t\t\t\t\t\t\t\tdata-text=\"w:normal;s:78,78,48,32;l:95,95,59,44;ls:2,2,0,0;\"\n\t\t\t\t\t\t\t\tdata-dim=\"w:784px,784px,491px,302px;minh:0px,0px,none,none;\"\n\t\t\t\t\t\t\t\tdata-wrpcls=\"project-name\"\n\t\t\t\t\t\t\t\tdata-frame_0=\"y:50,50,31,19;\"\n\t\t\t\t\t\t\t\tdata-frame_1=\"st:200;sp:1000;sR:200;\"\n\t\t\t\t\t\t\t\tdata-frame_999=\"o:0;st:w;sR:4800;\"\n\t\t\t\t\t\t\t\tstyle=\"z-index:6;font-family:'Raleway';\"\n\t\t\t\t\t\t\t>EMPREENDIMENTO<br \/>\nAVELEDA \n\t\t\t\t\t\t\t<\/rs-layer><!--\n\n\t\t\t\t\t\t\t--><rs-layer\n\t\t\t\t\t\t\t\tid=\"slider-2-slide-17-layer-11\" \n\t\t\t\t\t\t\t\tclass=\"rs-layer-video intrinsic-ignore\"\n\t\t\t\t\t\t\t\tdata-type=\"video\"\n\t\t\t\t\t\t\t\tdata-rsp_ch=\"on\"\n\t\t\t\t\t\t\t\tdata-xy=\"x:c;y:t,t,t,m;\"\n\t\t\t\t\t\t\t\tdata-text=\"w:normal;\"\n\t\t\t\t\t\t\t\tdata-dim=\"w:110%,110%,110%,380%;\"\n\t\t\t\t\t\t\t\tdata-basealign=\"slide\"\n\t\t\t\t\t\t\t\tdata-video=\"vd:100;sta:00:17;l:false;ptimer:false;\"\n\t\t\t\t\t\t\t\tdata-poster=\"\/\/tramaarquitetos.com\/wp-content\/uploads\/2025\/05\/JM_Trama_Moradias_Aveleda_132-scaled.webp\"\n\t\t\t\t\t\t\t\tdata-ytid=\"-s6k2jAxiZg\"\n\t\t\t\t\t\t\t\tdata-vatr=\"version=3&amp;enablejsapi=1&amp;html5=1&amp;hd=1&amp;wmode=opaque&amp;showinfo=0&amp;rel=0&amp;start=17&amp;origin=https:\/\/tramaarquitetos.com;\"\n\t\t\t\t\t\t\t\tdata-frame_999=\"o:0;st:w;sR:5700;\"\n\t\t\t\t\t\t\t\tstyle=\"z-index:3;\"\n\t\t\t\t\t\t\t>\n\t\t\t\t\t\t\t<\/rs-layer><!--\n\n\t\t\t\t\t\t\t--><rs-layer\n\t\t\t\t\t\t\t\tid=\"slider-2-slide-17-layer-22\" \n\t\t\t\t\t\t\t\tdata-type=\"shape\"\n\t\t\t\t\t\t\t\tdata-rsp_ch=\"on\"\n\t\t\t\t\t\t\t\tdata-text=\"w:normal;\"\n\t\t\t\t\t\t\t\tdata-dim=\"w:100%;h:100%;\"\n\t\t\t\t\t\t\t\tdata-basealign=\"slide\"\n\t\t\t\t\t\t\t\tdata-frame_999=\"o:0;st:w;sR:5700;\"\n\t\t\t\t\t\t\t\tstyle=\"z-index:4;background-color:rgba(0,0,0,0.5);\"\n\t\t\t\t\t\t\t> \n\t\t\t\t\t\t\t<\/rs-layer><!--\n\n\t\t\t\t\t\t\t--><a\n\t\t\t\t\t\t\t\tid=\"slider-2-slide-17-layer-25\" \n\t\t\t\t\t\t\t\tclass=\"rs-layer center-slide rev-burger rev-b-span-light\"\n\t\t\t\t\t\t\t\thref=\"https:\/\/tramaarquitetos.com\/en\/portfolio\/empreendimento-aveleda\/\"\n\t\t\t\t\t\t\t\tdata-type=\"button\"\n\t\t\t\t\t\t\t\tdata-xy=\"x:r,r,r,l;y:m;yo:0,0,0,92px;\"\n\t\t\t\t\t\t\t\tdata-text=\"w:normal;s:40,40,40,23;l:0,0,6,3;ls:6,6,6,16px;a:center;\"\n\t\t\t\t\t\t\t\tdata-dim=\"w:200px,200px,200px,100px;h:200px,200px,200px,100px;minh:0,0,none,none;\"\n\t\t\t\t\t\t\t\tdata-rsp_o=\"off\"\n\t\t\t\t\t\t\t\tdata-wrpcls=\"open-project-wrapper\"\n\t\t\t\t\t\t\t\tdata-rsp_bd=\"off\"\n\t\t\t\t\t\t\t\tdata-padding=\"t:0,0,0,78;r:87,87,87,50;b:0,0,0,78;l:87,87,87,50;\"\n\t\t\t\t\t\t\t\tdata-border=\"bos:solid;boc:rgba(255,255,255,0.75);bow:2px,2px,2px,2px;bor:50%,50%,50%,50%;\"\n\t\t\t\t\t\t\t\tdata-frame_0=\"y:50,50,50,28px;\"\n\t\t\t\t\t\t\t\tdata-frame_1=\"st:400;sp:1000;sR:400;\"\n\t\t\t\t\t\t\t\tdata-frame_999=\"o:0;st:w;sR:4600;\"\n\t\t\t\t\t\t\t\tstyle=\"z-index:10;font-family:'Roboto';text-transform:uppercase;\"\n\t\t\t\t\t\t\t><i class=\"material-icons\">chevron_right<\/i> \n\t\t\t\t\t\t\t<\/a><!--\n-->\t\t\t\t\t<\/rs-slide>\n\t\t\t\t\t\t<rs-slide style=\"position: absolute;\" data-key=\"rs-19\" data-title=\"Slide\" data-in=\"o:0;\" data-out=\"a:false;\" data-sloop=\"s:4500;e:6500;\">\n\t\t\t\t\t\t\t<img decoding=\"async\" src=\"\/\/tramaarquitetos.com\/wp-content\/plugins\/revslider\/sr6\/assets\/assets\/dummy.png\" alt=\"Slide\" title=\"P\u00e1gina Inicial\" class=\"rev-slidebg tp-rs-img rs-lazyload\" data-lazyload=\"\/\/tramaarquitetos.com\/wp-content\/plugins\/revslider\/sr6\/assets\/assets\/transparent.png\" data-no-retina>\n<!--\n\t\t\t\t\t\t\t--><rs-layer\n\t\t\t\t\t\t\t\tid=\"slider-2-slide-19-layer-0\" \n\t\t\t\t\t\t\t\tdata-type=\"text\"\n\t\t\t\t\t\t\t\tdata-color=\"#fff\"\n\t\t\t\t\t\t\t\tdata-rsp_ch=\"on\"\n\t\t\t\t\t\t\t\tdata-xy=\"xo:3px,3px,-3px,64px;y:m;yo:-120px,-120px,-75px,-45px;\"\n\t\t\t\t\t\t\t\tdata-text=\"w:normal;s:30,30,18,15;l:30,30,18,15;ls:2,2,0,0;\"\n\t\t\t\t\t\t\t\tdata-dim=\"w:784px,784px,491px,302px;minh:0px,0px,none,none;\"\n\t\t\t\t\t\t\t\tdata-wrpcls=\"project-name\"\n\t\t\t\t\t\t\t\tdata-frame_0=\"y:50,50,31,19;\"\n\t\t\t\t\t\t\t\tdata-frame_1=\"sp:1000;\"\n\t\t\t\t\t\t\t\tdata-frame_999=\"o:0;st:w;sR:5000;\"\n\t\t\t\t\t\t\t\tstyle=\"z-index:6;font-family:'Raleway';\"\n\t\t\t\t\t\t\t>Single-family house \n\t\t\t\t\t\t\t<\/rs-layer><!--\n\n\t\t\t\t\t\t\t--><rs-layer\n\t\t\t\t\t\t\t\tid=\"slider-2-slide-19-layer-10\" \n\t\t\t\t\t\t\t\tdata-type=\"text\"\n\t\t\t\t\t\t\t\tdata-color=\"#fff\"\n\t\t\t\t\t\t\t\tdata-rsp_ch=\"on\"\n\t\t\t\t\t\t\t\tdata-xy=\"xo:0,0,0,60px;y:m;yo:0,0,0,10px;\"\n\t\t\t\t\t\t\t\tdata-text=\"w:normal;s:78,78,48,32;l:95,95,59,44;ls:2,2,0,0;\"\n\t\t\t\t\t\t\t\tdata-dim=\"w:784px,784px,491px,302px;minh:0px,0px,none,none;\"\n\t\t\t\t\t\t\t\tdata-wrpcls=\"project-name\"\n\t\t\t\t\t\t\t\tdata-frame_0=\"y:50,50,31,19;\"\n\t\t\t\t\t\t\t\tdata-frame_1=\"st:200;sp:1000;sR:200;\"\n\t\t\t\t\t\t\t\tdata-frame_999=\"o:0;st:w;sR:4800;\"\n\t\t\t\t\t\t\t\tstyle=\"z-index:6;font-family:'Raleway';\"\n\t\t\t\t\t\t\t>CASA DOS<br \/>\nSOBREIROS \n\t\t\t\t\t\t\t<\/rs-layer><!--\n\n\t\t\t\t\t\t\t--><rs-layer\n\t\t\t\t\t\t\t\tid=\"slider-2-slide-19-layer-11\" \n\t\t\t\t\t\t\t\tclass=\"rs-layer-video intrinsic-ignore\"\n\t\t\t\t\t\t\t\tdata-type=\"video\"\n\t\t\t\t\t\t\t\tdata-rsp_ch=\"on\"\n\t\t\t\t\t\t\t\tdata-xy=\"x:c;y:m;\"\n\t\t\t\t\t\t\t\tdata-text=\"w:normal;\"\n\t\t\t\t\t\t\t\tdata-dim=\"w:120%,120%,120%,410%;\"\n\t\t\t\t\t\t\t\tdata-basealign=\"slide\"\n\t\t\t\t\t\t\t\tdata-video=\"vd:100;sta:00:54;l:false;ptimer:false;\"\n\t\t\t\t\t\t\t\tdata-poster=\"\/\/tramaarquitetos.com\/wp-content\/uploads\/2025\/05\/JM_CasaBraga_196-1-scaled.webp\"\n\t\t\t\t\t\t\t\tdata-ytid=\"qQ1zOyN3eMM\"\n\t\t\t\t\t\t\t\tdata-vatr=\"version=3&amp;enablejsapi=1&amp;html5=1&amp;hd=1&amp;wmode=opaque&amp;showinfo=0&amp;rel=0&amp;start=54&amp;origin=https:\/\/tramaarquitetos.com;\"\n\t\t\t\t\t\t\t\tdata-frame_999=\"o:0;st:w;sR:5700;\"\n\t\t\t\t\t\t\t\tstyle=\"z-index:3;\"\n\t\t\t\t\t\t\t>\n\t\t\t\t\t\t\t<\/rs-layer><!--\n\n\t\t\t\t\t\t\t--><rs-layer\n\t\t\t\t\t\t\t\tid=\"slider-2-slide-19-layer-22\" \n\t\t\t\t\t\t\t\tdata-type=\"shape\"\n\t\t\t\t\t\t\t\tdata-rsp_ch=\"on\"\n\t\t\t\t\t\t\t\tdata-text=\"w:normal;\"\n\t\t\t\t\t\t\t\tdata-dim=\"w:100%;h:100%;\"\n\t\t\t\t\t\t\t\tdata-basealign=\"slide\"\n\t\t\t\t\t\t\t\tdata-frame_999=\"o:0;st:w;sR:5700;\"\n\t\t\t\t\t\t\t\tstyle=\"z-index:4;background-color:rgba(0,0,0,0.5);\"\n\t\t\t\t\t\t\t> \n\t\t\t\t\t\t\t<\/rs-layer><!--\n\n\t\t\t\t\t\t\t--><a\n\t\t\t\t\t\t\t\tid=\"slider-2-slide-19-layer-25\" \n\t\t\t\t\t\t\t\tclass=\"rs-layer center-slide rev-burger rev-b-span-light\"\n\t\t\t\t\t\t\t\thref=\"https:\/\/tramaarquitetos.com\/en\/portfolio\/casa-dos-sobreiros\/\"\n\t\t\t\t\t\t\t\tdata-type=\"button\"\n\t\t\t\t\t\t\t\tdata-xy=\"x:r,r,r,l;y:m;yo:0,0,0,92px;\"\n\t\t\t\t\t\t\t\tdata-text=\"w:normal;s:40,40,40,23;l:0,0,6,3;ls:6,6,6,16px;a:center;\"\n\t\t\t\t\t\t\t\tdata-dim=\"w:200px,200px,200px,100px;h:200px,200px,200px,100px;minh:0,0,none,none;\"\n\t\t\t\t\t\t\t\tdata-rsp_o=\"off\"\n\t\t\t\t\t\t\t\tdata-wrpcls=\"open-project-wrapper\"\n\t\t\t\t\t\t\t\tdata-rsp_bd=\"off\"\n\t\t\t\t\t\t\t\tdata-padding=\"t:0,0,0,78;r:87,87,87,50;b:0,0,0,78;l:87,87,87,50;\"\n\t\t\t\t\t\t\t\tdata-border=\"bos:solid;boc:rgba(255,255,255,0.75);bow:2px,2px,2px,2px;bor:50%,50%,50%,50%;\"\n\t\t\t\t\t\t\t\tdata-frame_0=\"y:50,50,50,28px;\"\n\t\t\t\t\t\t\t\tdata-frame_1=\"st:400;sp:1000;sR:400;\"\n\t\t\t\t\t\t\t\tdata-frame_999=\"o:0;st:w;sR:4600;\"\n\t\t\t\t\t\t\t\tstyle=\"z-index:10;font-family:'Roboto';text-transform:uppercase;\"\n\t\t\t\t\t\t\t><i class=\"material-icons\">chevron_right<\/i> \n\t\t\t\t\t\t\t<\/a><!--\n-->\t\t\t\t\t<\/rs-slide>\n\t\t\t\t\t\t<rs-slide style=\"position: absolute;\" data-key=\"rs-20\" data-title=\"Slide\" data-in=\"o:0;\" data-out=\"a:false;\" data-sloop=\"s:4500;e:6500;\">\n\t\t\t\t\t\t\t<img decoding=\"async\" src=\"\/\/tramaarquitetos.com\/wp-content\/plugins\/revslider\/sr6\/assets\/assets\/dummy.png\" alt=\"Slide\" title=\"P\u00e1gina Inicial\" class=\"rev-slidebg tp-rs-img rs-lazyload\" data-lazyload=\"\/\/tramaarquitetos.com\/wp-content\/plugins\/revslider\/sr6\/assets\/assets\/transparent.png\" data-no-retina>\n<!--\n\t\t\t\t\t\t\t--><rs-layer\n\t\t\t\t\t\t\t\tid=\"slider-2-slide-20-layer-0\" \n\t\t\t\t\t\t\t\tdata-type=\"text\"\n\t\t\t\t\t\t\t\tdata-color=\"#fff\"\n\t\t\t\t\t\t\t\tdata-rsp_ch=\"on\"\n\t\t\t\t\t\t\t\tdata-xy=\"xo:3px,3px,-3px,64px;y:m;yo:-120px,-120px,-75px,-45px;\"\n\t\t\t\t\t\t\t\tdata-text=\"w:normal;s:30,30,18,15;l:30,30,18,15;ls:2,2,0,0;\"\n\t\t\t\t\t\t\t\tdata-dim=\"w:784px,784px,491px,302px;minh:0px,0px,none,none;\"\n\t\t\t\t\t\t\t\tdata-wrpcls=\"project-name\"\n\t\t\t\t\t\t\t\tdata-frame_0=\"y:50,50,31,19;\"\n\t\t\t\t\t\t\t\tdata-frame_1=\"sp:1000;\"\n\t\t\t\t\t\t\t\tdata-frame_999=\"o:0;st:w;sR:5000;\"\n\t\t\t\t\t\t\t\tstyle=\"z-index:6;font-family:'Raleway';\"\n\t\t\t\t\t\t\t>Single-family house \n\t\t\t\t\t\t\t<\/rs-layer><!--\n\n\t\t\t\t\t\t\t--><rs-layer\n\t\t\t\t\t\t\t\tid=\"slider-2-slide-20-layer-10\" \n\t\t\t\t\t\t\t\tdata-type=\"text\"\n\t\t\t\t\t\t\t\tdata-color=\"#fff\"\n\t\t\t\t\t\t\t\tdata-rsp_ch=\"on\"\n\t\t\t\t\t\t\t\tdata-xy=\"xo:0,0,0,60px;y:m;yo:0,0,0,10px;\"\n\t\t\t\t\t\t\t\tdata-text=\"w:normal;s:78,78,48,32;l:95,95,59,44;ls:2,2,0,0;\"\n\t\t\t\t\t\t\t\tdata-dim=\"w:784px,784px,491px,302px;minh:0px,0px,none,none;\"\n\t\t\t\t\t\t\t\tdata-wrpcls=\"project-name\"\n\t\t\t\t\t\t\t\tdata-frame_0=\"y:50,50,31,19;\"\n\t\t\t\t\t\t\t\tdata-frame_1=\"st:200;sp:1000;sR:200;\"\n\t\t\t\t\t\t\t\tdata-frame_999=\"o:0;st:w;sR:4800;\"\n\t\t\t\t\t\t\t\tstyle=\"z-index:6;font-family:'Raleway';\"\n\t\t\t\t\t\t\t>CASA DAS<br \/>\nCAM\u00c9LIAS \n\t\t\t\t\t\t\t<\/rs-layer><!--\n\n\t\t\t\t\t\t\t--><rs-layer\n\t\t\t\t\t\t\t\tid=\"slider-2-slide-20-layer-11\" \n\t\t\t\t\t\t\t\tclass=\"rs-layer-video intrinsic-ignore\"\n\t\t\t\t\t\t\t\tdata-type=\"video\"\n\t\t\t\t\t\t\t\tdata-rsp_ch=\"on\"\n\t\t\t\t\t\t\t\tdata-xy=\"x:c;y:t,t,t,m;\"\n\t\t\t\t\t\t\t\tdata-text=\"w:normal;\"\n\t\t\t\t\t\t\t\tdata-dim=\"w:110%,110%,110%,380%;\"\n\t\t\t\t\t\t\t\tdata-basealign=\"slide\"\n\t\t\t\t\t\t\t\tdata-video=\"vd:100;sta:00:20;l:false;ptimer:false;\"\n\t\t\t\t\t\t\t\tdata-poster=\"\/\/tramaarquitetos.com\/wp-content\/uploads\/2025\/05\/JM_Trama_Casa_Camelias_006-scaled.webp\"\n\t\t\t\t\t\t\t\tdata-ytid=\"LDNMRmLnASg\"\n\t\t\t\t\t\t\t\tdata-vatr=\"version=3&amp;enablejsapi=1&amp;html5=1&amp;hd=1&amp;wmode=opaque&amp;showinfo=0&amp;rel=0&amp;start=20&amp;origin=https:\/\/tramaarquitetos.com;\"\n\t\t\t\t\t\t\t\tdata-frame_999=\"o:0;st:w;sR:5700;\"\n\t\t\t\t\t\t\t\tstyle=\"z-index:3;\"\n\t\t\t\t\t\t\t>\n\t\t\t\t\t\t\t<\/rs-layer><!--\n\n\t\t\t\t\t\t\t--><rs-layer\n\t\t\t\t\t\t\t\tid=\"slider-2-slide-20-layer-22\" \n\t\t\t\t\t\t\t\tdata-type=\"shape\"\n\t\t\t\t\t\t\t\tdata-rsp_ch=\"on\"\n\t\t\t\t\t\t\t\tdata-text=\"w:normal;\"\n\t\t\t\t\t\t\t\tdata-dim=\"w:100%;h:100%;\"\n\t\t\t\t\t\t\t\tdata-basealign=\"slide\"\n\t\t\t\t\t\t\t\tdata-frame_999=\"o:0;st:w;sR:5700;\"\n\t\t\t\t\t\t\t\tstyle=\"z-index:4;background-color:rgba(0,0,0,0.5);\"\n\t\t\t\t\t\t\t> \n\t\t\t\t\t\t\t<\/rs-layer><!--\n\n\t\t\t\t\t\t\t--><a\n\t\t\t\t\t\t\t\tid=\"slider-2-slide-20-layer-25\" \n\t\t\t\t\t\t\t\tclass=\"rs-layer center-slide rev-burger rev-b-span-light\"\n\t\t\t\t\t\t\t\thref=\"https:\/\/tramaarquitetos.com\/en\/portfolio\/casa-camelias\/\"\n\t\t\t\t\t\t\t\tdata-type=\"button\"\n\t\t\t\t\t\t\t\tdata-xy=\"x:r,r,r,l;y:m;yo:0,0,0,92px;\"\n\t\t\t\t\t\t\t\tdata-text=\"w:normal;s:40,40,40,23;l:0,0,6,3;ls:6,6,6,16px;a:center;\"\n\t\t\t\t\t\t\t\tdata-dim=\"w:200px,200px,200px,100px;h:200px,200px,200px,100px;minh:0,0,none,none;\"\n\t\t\t\t\t\t\t\tdata-rsp_o=\"off\"\n\t\t\t\t\t\t\t\tdata-wrpcls=\"open-project-wrapper\"\n\t\t\t\t\t\t\t\tdata-rsp_bd=\"off\"\n\t\t\t\t\t\t\t\tdata-padding=\"t:0,0,0,78;r:87,87,87,50;b:0,0,0,78;l:87,87,87,50;\"\n\t\t\t\t\t\t\t\tdata-border=\"bos:solid;boc:rgba(255,255,255,0.75);bow:2px,2px,2px,2px;bor:50%,50%,50%,50%;\"\n\t\t\t\t\t\t\t\tdata-frame_0=\"y:50,50,50,28px;\"\n\t\t\t\t\t\t\t\tdata-frame_1=\"st:400;sp:1000;sR:400;\"\n\t\t\t\t\t\t\t\tdata-frame_999=\"o:0;st:w;sR:4600;\"\n\t\t\t\t\t\t\t\tstyle=\"z-index:10;font-family:'Roboto';text-transform:uppercase;\"\n\t\t\t\t\t\t\t><i class=\"material-icons\">chevron_right<\/i> \n\t\t\t\t\t\t\t<\/a><!--\n-->\t\t\t\t\t<\/rs-slide>\n\t\t\t\t\t<\/rs-slides>\n\t\t\t\t\t<rs-static-layers><!--\n\t\t\t\t\t--><\/rs-static-layers>\n\t\t\t\t<\/rs-module>\n\t\t\t\t<script>\n\t\t\t\t\tsetREVStartSize({c: 'homepage-slider',rl:[1240,1240,778,480],el:[900,900,960,720],gw:[1240,1240,778,480],gh:[900,900,960,720],type:'standard',justify:'',layout:'fullscreen',offsetContainer:'',offset:'',mh:\"0\"});if (window.RS_MODULES!==undefined && window.RS_MODULES.modules!==undefined && window.RS_MODULES.modules[\"homepageslider\"]!==undefined) {window.RS_MODULES.modules[\"homepageslider\"].once = false;window.revapi2 = undefined;if (window.RS_MODULES.checkMinimal!==undefined) window.RS_MODULES.checkMinimal()}\n\t\t\t\t<\/script>\n\t\t\t\t<script src=\"https:\/\/www.youtube.com\/iframe_api\"><\/script>\n\t\t\t<\/rs-module-wrap>\n\t\t\t<!-- END REVOLUTION SLIDER -->\n<\/div>\n\n\t\t\t\t\t\t<\/div>\n\t\t\t\t<\/div>\n\t\t\t\t<\/div>\n\t\t\t\t<\/div>","protected":false},"excerpt":{"rendered":"Loteamento EMPREENDIMENTO AVELEDA chevron_right Habita\u00e7\u00e3o Unifamiliar CASA DOS SOBREIROS chevron_right Habita\u00e7\u00e3o Unifamiliar CASA DAS CAM\u00c9LIAS chevron_right","protected":false},"author":2,"featured_media":2561,"parent":0,"menu_order":0,"comment_status":"closed","ping_status":"closed","template":"template-homepage.php","meta":{"footnotes":""},"class_list":["post-2333","page","type-page","status-publish","has-post-thumbnail","hentry",""],"yoast_head":"<!-- This site is optimized with the Yoast SEO plugin v23.0 - https:\/\/yoast.com\/wordpress\/plugins\/seo\/ -->\n<title>Trama Arquitetos<\/title>\n<meta name=\"description\" content=\"A nossa arquitetura \u00e9 sin\u00f3nimo de compromisso. O espa\u00e7o \u00e9 desenhado para ser apropriado e vivido, estabelecendo uma \u00edntima rela\u00e7\u00e3o com quem o percorre e com o contexto em que se insere.\" \/>\n<meta name=\"robots\" content=\"index, follow, max-snippet:-1, max-image-preview:large, max-video-preview:-1\" \/>\n<link rel=\"canonical\" href=\"https:\/\/tramaarquitetos.com\/en\/\" \/>\n<meta property=\"og:locale\" content=\"en_US\" \/>\n<meta property=\"og:type\" content=\"article\" \/>\n<meta property=\"og:title\" content=\"Trama Arquitetos\" \/>\n<meta property=\"og:description\" content=\"A nossa arquitetura \u00e9 sin\u00f3nimo de compromisso. O espa\u00e7o \u00e9 desenhado para ser apropriado e vivido, estabelecendo uma \u00edntima rela\u00e7\u00e3o com quem o percorre e com o contexto em que se insere.\" \/>\n<meta property=\"og:url\" content=\"https:\/\/tramaarquitetos.com\/en\/\" \/>\n<meta property=\"og:site_name\" content=\"Trama Arquitetos\" \/>\n<meta property=\"article:modified_time\" content=\"2025-02-21T14:43:07+00:00\" \/>\n<meta property=\"og:image\" content=\"https:\/\/tramaarquitetos.com\/wp-content\/uploads\/2018\/01\/341_800x800.jpg\" \/>\n\t<meta property=\"og:image:width\" content=\"800\" \/>\n\t<meta property=\"og:image:height\" content=\"787\" \/>\n\t<meta property=\"og:image:type\" content=\"image\/jpeg\" \/>\n<meta name=\"twitter:card\" content=\"summary_large_image\" \/>\n<meta name=\"twitter:label1\" content=\"Est. reading time\" \/>\n\t<meta name=\"twitter:data1\" content=\"1 minute\" \/>\n<script type=\"application\/ld+json\" class=\"yoast-schema-graph\">{\"@context\":\"https:\/\/schema.org\",\"@graph\":[{\"@type\":\"WebPage\",\"@id\":\"https:\/\/tramaarquitetos.com\/\",\"url\":\"https:\/\/tramaarquitetos.com\/\",\"name\":\"Trama Arquitetos\",\"isPartOf\":{\"@id\":\"https:\/\/tramaarquitetos.com\/new\/#website\"},\"primaryImageOfPage\":{\"@id\":\"https:\/\/tramaarquitetos.com\/#primaryimage\"},\"image\":{\"@id\":\"https:\/\/tramaarquitetos.com\/#primaryimage\"},\"thumbnailUrl\":\"https:\/\/tramaarquitetos.com\/wp-content\/uploads\/2018\/01\/341_800x800.jpg\",\"datePublished\":\"2024-06-08T00:15:22+00:00\",\"dateModified\":\"2025-02-21T14:43:07+00:00\",\"description\":\"A nossa arquitetura \u00e9 sin\u00f3nimo de compromisso. O espa\u00e7o \u00e9 desenhado para ser apropriado e vivido, estabelecendo uma \u00edntima rela\u00e7\u00e3o com quem o percorre e com o contexto em que se insere.\",\"breadcrumb\":{\"@id\":\"https:\/\/tramaarquitetos.com\/#breadcrumb\"},\"inLanguage\":\"en-US\",\"potentialAction\":[{\"@type\":\"ReadAction\",\"target\":[\"https:\/\/tramaarquitetos.com\/\"]}]},{\"@type\":\"ImageObject\",\"inLanguage\":\"en-US\",\"@id\":\"https:\/\/tramaarquitetos.com\/#primaryimage\",\"url\":\"https:\/\/tramaarquitetos.com\/wp-content\/uploads\/2018\/01\/341_800x800.jpg\",\"contentUrl\":\"https:\/\/tramaarquitetos.com\/wp-content\/uploads\/2018\/01\/341_800x800.jpg\",\"width\":800,\"height\":787},{\"@type\":\"BreadcrumbList\",\"@id\":\"https:\/\/tramaarquitetos.com\/#breadcrumb\",\"itemListElement\":[{\"@type\":\"ListItem\",\"position\":1,\"name\":\"In\u00edcio\",\"item\":\"https:\/\/tramaarquitetos.com\/\"},{\"@type\":\"ListItem\",\"position\":2,\"name\":\"P\u00e1gina Inicial\"}]},{\"@type\":\"WebSite\",\"@id\":\"https:\/\/tramaarquitetos.com\/new\/#website\",\"url\":\"https:\/\/tramaarquitetos.com\/new\/\",\"name\":\"Trama Arquitetos\",\"description\":\"A nossa arquitetura \u00e9 sin\u00f3nimo de compromisso. O espa\u00e7o \u00e9 desenhado para ser apropriado e vivido, estabelecendo uma \u00edntima rela\u00e7\u00e3o com quem o percorre e com o contexto em que se insere.\",\"publisher\":{\"@id\":\"https:\/\/tramaarquitetos.com\/new\/#organization\"},\"potentialAction\":[{\"@type\":\"SearchAction\",\"target\":{\"@type\":\"EntryPoint\",\"urlTemplate\":\"https:\/\/tramaarquitetos.com\/new\/?s={search_term_string}\"},\"query-input\":\"required name=search_term_string\"}],\"inLanguage\":\"en-US\"},{\"@type\":\"Organization\",\"@id\":\"https:\/\/tramaarquitetos.com\/new\/#organization\",\"name\":\"Trama Arquitetos\",\"url\":\"https:\/\/tramaarquitetos.com\/new\/\",\"logo\":{\"@type\":\"ImageObject\",\"inLanguage\":\"en-US\",\"@id\":\"https:\/\/tramaarquitetos.com\/new\/#\/schema\/logo\/image\/\",\"url\":\"https:\/\/tramaarquitetos.com\/wp-content\/uploads\/2024\/05\/trama-black.png\",\"contentUrl\":\"https:\/\/tramaarquitetos.com\/wp-content\/uploads\/2024\/05\/trama-black.png\",\"width\":160,\"height\":262,\"caption\":\"Trama Arquitetos\"},\"image\":{\"@id\":\"https:\/\/tramaarquitetos.com\/new\/#\/schema\/logo\/image\/\"}}]}<\/script>\n<!-- \/ Yoast SEO plugin. -->","yoast_head_json":{"title":"Trama Arquitetos","description":"A nossa arquitetura \u00e9 sin\u00f3nimo de compromisso. O espa\u00e7o \u00e9 desenhado para ser apropriado e vivido, estabelecendo uma \u00edntima rela\u00e7\u00e3o com quem o percorre e com o contexto em que se insere.","robots":{"index":"index","follow":"follow","max-snippet":"max-snippet:-1","max-image-preview":"max-image-preview:large","max-video-preview":"max-video-preview:-1"},"canonical":"https:\/\/tramaarquitetos.com\/en\/","og_locale":"en_US","og_type":"article","og_title":"Trama Arquitetos","og_description":"A nossa arquitetura \u00e9 sin\u00f3nimo de compromisso. O espa\u00e7o \u00e9 desenhado para ser apropriado e vivido, estabelecendo uma \u00edntima rela\u00e7\u00e3o com quem o percorre e com o contexto em que se insere.","og_url":"https:\/\/tramaarquitetos.com\/en\/","og_site_name":"Trama Arquitetos","article_modified_time":"2025-02-21T14:43:07+00:00","og_image":[{"width":800,"height":787,"url":"https:\/\/tramaarquitetos.com\/wp-content\/uploads\/2018\/01\/341_800x800.jpg","type":"image\/jpeg"}],"twitter_card":"summary_large_image","twitter_misc":{"Est. reading time":"1 minute"},"schema":{"@context":"https:\/\/schema.org","@graph":[{"@type":"WebPage","@id":"https:\/\/tramaarquitetos.com\/","url":"https:\/\/tramaarquitetos.com\/","name":"Trama Arquitetos","isPartOf":{"@id":"https:\/\/tramaarquitetos.com\/new\/#website"},"primaryImageOfPage":{"@id":"https:\/\/tramaarquitetos.com\/#primaryimage"},"image":{"@id":"https:\/\/tramaarquitetos.com\/#primaryimage"},"thumbnailUrl":"https:\/\/tramaarquitetos.com\/wp-content\/uploads\/2018\/01\/341_800x800.jpg","datePublished":"2024-06-08T00:15:22+00:00","dateModified":"2025-02-21T14:43:07+00:00","description":"A nossa arquitetura \u00e9 sin\u00f3nimo de compromisso. O espa\u00e7o \u00e9 desenhado para ser apropriado e vivido, estabelecendo uma \u00edntima rela\u00e7\u00e3o com quem o percorre e com o contexto em que se insere.","breadcrumb":{"@id":"https:\/\/tramaarquitetos.com\/#breadcrumb"},"inLanguage":"en-US","potentialAction":[{"@type":"ReadAction","target":["https:\/\/tramaarquitetos.com\/"]}]},{"@type":"ImageObject","inLanguage":"en-US","@id":"https:\/\/tramaarquitetos.com\/#primaryimage","url":"https:\/\/tramaarquitetos.com\/wp-content\/uploads\/2018\/01\/341_800x800.jpg","contentUrl":"https:\/\/tramaarquitetos.com\/wp-content\/uploads\/2018\/01\/341_800x800.jpg","width":800,"height":787},{"@type":"BreadcrumbList","@id":"https:\/\/tramaarquitetos.com\/#breadcrumb","itemListElement":[{"@type":"ListItem","position":1,"name":"In\u00edcio","item":"https:\/\/tramaarquitetos.com\/"},{"@type":"ListItem","position":2,"name":"P\u00e1gina Inicial"}]},{"@type":"WebSite","@id":"https:\/\/tramaarquitetos.com\/new\/#website","url":"https:\/\/tramaarquitetos.com\/new\/","name":"Trama Arquitetos","description":"A nossa arquitetura \u00e9 sin\u00f3nimo de compromisso. O espa\u00e7o \u00e9 desenhado para ser apropriado e vivido, estabelecendo uma \u00edntima rela\u00e7\u00e3o com quem o percorre e com o contexto em que se insere.","publisher":{"@id":"https:\/\/tramaarquitetos.com\/new\/#organization"},"potentialAction":[{"@type":"SearchAction","target":{"@type":"EntryPoint","urlTemplate":"https:\/\/tramaarquitetos.com\/new\/?s={search_term_string}"},"query-input":"required name=search_term_string"}],"inLanguage":"en-US"},{"@type":"Organization","@id":"https:\/\/tramaarquitetos.com\/new\/#organization","name":"Trama Arquitetos","url":"https:\/\/tramaarquitetos.com\/new\/","logo":{"@type":"ImageObject","inLanguage":"en-US","@id":"https:\/\/tramaarquitetos.com\/new\/#\/schema\/logo\/image\/","url":"https:\/\/tramaarquitetos.com\/wp-content\/uploads\/2024\/05\/trama-black.png","contentUrl":"https:\/\/tramaarquitetos.com\/wp-content\/uploads\/2024\/05\/trama-black.png","width":160,"height":262,"caption":"Trama Arquitetos"},"image":{"@id":"https:\/\/tramaarquitetos.com\/new\/#\/schema\/logo\/image\/"}}]}},"_links":{"self":[{"href":"https:\/\/tramaarquitetos.com\/en\/wp-json\/wp\/v2\/pages\/2333","targetHints":{"allow":["GET"]}}],"collection":[{"href":"https:\/\/tramaarquitetos.com\/en\/wp-json\/wp\/v2\/pages"}],"about":[{"href":"https:\/\/tramaarquitetos.com\/en\/wp-json\/wp\/v2\/types\/page"}],"author":[{"embeddable":true,"href":"https:\/\/tramaarquitetos.com\/en\/wp-json\/wp\/v2\/users\/2"}],"replies":[{"embeddable":true,"href":"https:\/\/tramaarquitetos.com\/en\/wp-json\/wp\/v2\/comments?post=2333"}],"version-history":[{"count":23,"href":"https:\/\/tramaarquitetos.com\/en\/wp-json\/wp\/v2\/pages\/2333\/revisions"}],"predecessor-version":[{"id":5097,"href":"https:\/\/tramaarquitetos.com\/en\/wp-json\/wp\/v2\/pages\/2333\/revisions\/5097"}],"wp:featuredmedia":[{"embeddable":true,"href":"https:\/\/tramaarquitetos.com\/en\/wp-json\/wp\/v2\/media\/2561"}],"wp:attachment":[{"href":"https:\/\/tramaarquitetos.com\/en\/wp-json\/wp\/v2\/media?parent=2333"}],"curies":[{"name":"wp","href":"https:\/\/api.w.org\/{rel}","templated":true}]}}